{"id":9,"date":"2021-11-04T12:34:01","date_gmt":"2021-11-04T12:34:01","guid":{"rendered":"https:\/\/artesaniadopasatempo.com\/tienda\/?page_id=9"},"modified":"2021-11-04T12:34:01","modified_gmt":"2021-11-04T12:34:01","slug":"reembolso_devoluciones","status":"publish","type":"page","link":"https:\/\/artesaniadopasatempo.com\/tienda\/reembolso_devoluciones\/","title":{"rendered":"Pol\u00edtica de devoluciones y reembolsos"},"content":{"rendered":"\n<p>Pol\u00edtica de reembolso y devoluci\u00f3n<\/p>\n\n\n\n<p>Gracias por elegir comprar en Artesan\u00edaDoPasatempo. Si no est\u00e1 satisfecho con su compra, estamos aqu\u00ed para ayudarle. Le pedimos que lea nuestra pol\u00edtica de reembolso y devoluci\u00f3n a continuaci\u00f3n.<\/p>\n\n\n\n<p>Devoluciones<\/p>\n\n\n\n<p>Tiene 7 d\u00edas para devolver un art\u00edculo a partir de la fecha de recepci\u00f3n de su pedido original. Para poder ser elegible para una devoluci\u00f3n, el art\u00edculo debe devolverse en el mismo estado que le fue enviado, en las mismas condiciones en las que lo recibi\u00f3, en su empaque original. No requiere recibo de compra ni factura.<\/p>\n\n\n\n<p>Reembolsos<\/p>\n\n\n\n<p>Cuando recibamos su art\u00edculo, lo inspeccionaremos y le notificaremos el estado de su reembolso una vez finalizada la inspecci\u00f3n. Si se aprueba la devoluci\u00f3n, emitiremos un reembolso a su nombre. Ver\u00e1 el cr\u00e9dito dentro de los 5-7 d\u00edas h\u00e1biles a partir de la fecha de env\u00edo del reembolso, seg\u00fan las pol\u00edticas del emisor de su tarjeta.<\/p>\n\n\n\n<p>Env\u00edo<\/p>\n\n\n\n<p>Se le proporcionar\u00e1 una etiqueta de env\u00edo para que devuelva los productos. <br>El costo del env\u00edo se descontar\u00e1 del monto del reembolso.<\/p>\n","protected":false},"excerpt":{"rendered":"<p>Pol\u00edtica de reembolso y devoluci\u00f3n Gracias por elegir comprar en Artesan\u00edaDoPasatempo. Si no est\u00e1 satisfecho con su compra, estamos aqu\u00ed para ayudarle. Le pedimos que lea nuestra pol\u00edtica de reembolso y devoluci\u00f3n a continuaci\u00f3n. Devoluciones Tiene 7 d\u00edas para devolver un art\u00edculo a partir de la fecha de recepci\u00f3n de su pedido original. Para poder [&hellip;]<\/p>\n","protected":false},"author":1,"featured_media":0,"parent":0,"menu_order":0,"comment_status":"closed","ping_status":"closed","template":"","meta":{"footnotes":""},"class_list":["post-9","page","type-page","status-publish","hentry"],"jetpack-related-posts":[],"jetpack_sharing_enabled":true,"_links":{"self":[{"href":"https:\/\/artesaniadopasatempo.com\/tienda\/wp-json\/wp\/v2\/pages\/9","targetHints":{"allow":["GET"]}}],"collection":[{"href":"https:\/\/artesaniadopasatempo.com\/tienda\/wp-json\/wp\/v2\/pages"}],"about":[{"href":"https:\/\/artesaniadopasatempo.com\/tienda\/wp-json\/wp\/v2\/types\/page"}],"author":[{"embeddable":true,"href":"https:\/\/artesaniadopasatempo.com\/tienda\/wp-json\/wp\/v2\/users\/1"}],"replies":[{"embeddable":true,"href":"https:\/\/artesaniadopasatempo.com\/tienda\/wp-json\/wp\/v2\/comments?post=9"}],"version-history":[{"count":1,"href":"https:\/\/artesaniadopasatempo.com\/tienda\/wp-json\/wp\/v2\/pages\/9\/revisions"}],"predecessor-version":[{"id":33,"href":"https:\/\/artesaniadopasatempo.com\/tienda\/wp-json\/wp\/v2\/pages\/9\/revisions\/33"}],"wp:attachment":[{"href":"https:\/\/artesaniadopasatempo.com\/tienda\/wp-json\/wp\/v2\/media?parent=9"}],"curies":[{"name":"wp","href":"https:\/\/api.w.org\/{rel}","templated":true}]}}