{"id":62,"date":"2021-11-12T08:43:53","date_gmt":"2021-11-12T08:43:53","guid":{"rendered":"https:\/\/artesaniadopasatempo.com\/tienda\/?page_id=62"},"modified":"2021-11-12T08:46:35","modified_gmt":"2021-11-12T08:46:35","slug":"talleres-artesanos","status":"publish","type":"page","link":"https:\/\/artesaniadopasatempo.com\/tienda\/talleres-artesanos\/","title":{"rendered":"Talleres Artesanos"},"content":{"rendered":"\n<p>El proyecto Artesan\u00eda do Pasatempo, no es s\u00f3lo un proyecto de taller artesano donde todo lo que producimos es 100% manual, es un proyecto de comercializaci\u00f3n de nuestra propia producci\u00f3n pero adem\u00e1s es un espacio de venta de productos artesanos de otros talleres artesanos, amigos\/as con los que compartimos a\u00f1os de oficio, ferias, crisis e incertidumbres.<\/p>\n\n\n\n<p>Algunos de los productos de talleres amigos que puedes encontrarte en Artesan\u00edaDoPasatempo, son estos:<\/p>\n\n\n<div data-block-name=\"woocommerce\/product-category\" data-categories=\"[19]\" data-columns=\"4\" data-rows=\"1\" class=\"wc-block-grid wp-block-product-category wp-block-woocommerce-product-category wc-block-product-category has-4-columns\"><ul class=\"wc-block-grid__products\"><li class=\"wc-block-grid__product\">\n\t\t\t\t<a href=\"https:\/\/artesaniadopasatempo.com\/tienda\/producto\/cacharro-rojo-kintsugi\/\" class=\"wc-block-grid__product-link\">\n\t\t\t\t\t\n\t\t\t\t\t<div class=\"wc-block-grid__product-image\"><img loading=\"lazy\" decoding=\"async\" width=\"324\" height=\"324\" src=\"https:\/\/i0.wp.com\/artesaniadopasatempo.com\/tienda\/wp-content\/uploads\/2021\/11\/2019-01-21-15.41.34-scaled.jpg?resize=324%2C324&amp;ssl=1\" class=\"attachment-woocommerce_thumbnail size-woocommerce_thumbnail\" alt=\"Cacharro Rojo Kintsugi\" srcset=\"https:\/\/i0.wp.com\/artesaniadopasatempo.com\/tienda\/wp-content\/uploads\/2021\/11\/2019-01-21-15.41.34-scaled.jpg?w=2560&amp;ssl=1 2560w, https:\/\/i0.wp.com\/artesaniadopasatempo.com\/tienda\/wp-content\/uploads\/2021\/11\/2019-01-21-15.41.34-scaled.jpg?resize=300%2C300&amp;ssl=1 300w, https:\/\/i0.wp.com\/artesaniadopasatempo.com\/tienda\/wp-content\/uploads\/2021\/11\/2019-01-21-15.41.34-scaled.jpg?resize=1024%2C1024&amp;ssl=1 1024w, https:\/\/i0.wp.com\/artesaniadopasatempo.com\/tienda\/wp-content\/uploads\/2021\/11\/2019-01-21-15.41.34-scaled.jpg?resize=150%2C150&amp;ssl=1 150w, https:\/\/i0.wp.com\/artesaniadopasatempo.com\/tienda\/wp-content\/uploads\/2021\/11\/2019-01-21-15.41.34-scaled.jpg?resize=768%2C768&amp;ssl=1 768w, https:\/\/i0.wp.com\/artesaniadopasatempo.com\/tienda\/wp-content\/uploads\/2021\/11\/2019-01-21-15.41.34-scaled.jpg?resize=1536%2C1536&amp;ssl=1 1536w, https:\/\/i0.wp.com\/artesaniadopasatempo.com\/tienda\/wp-content\/uploads\/2021\/11\/2019-01-21-15.41.34-scaled.jpg?resize=2048%2C2048&amp;ssl=1 2048w, https:\/\/i0.wp.com\/artesaniadopasatempo.com\/tienda\/wp-content\/uploads\/2021\/11\/2019-01-21-15.41.34-scaled.jpg?resize=1320%2C1320&amp;ssl=1 1320w, https:\/\/i0.wp.com\/artesaniadopasatempo.com\/tienda\/wp-content\/uploads\/2021\/11\/2019-01-21-15.41.34-scaled.jpg?resize=324%2C324&amp;ssl=1 324w, https:\/\/i0.wp.com\/artesaniadopasatempo.com\/tienda\/wp-content\/uploads\/2021\/11\/2019-01-21-15.41.34-scaled.jpg?resize=416%2C416&amp;ssl=1 416w, https:\/\/i0.wp.com\/artesaniadopasatempo.com\/tienda\/wp-content\/uploads\/2021\/11\/2019-01-21-15.41.34-scaled.jpg?resize=100%2C100&amp;ssl=1 100w, https:\/\/i0.wp.com\/artesaniadopasatempo.com\/tienda\/wp-content\/uploads\/2021\/11\/2019-01-21-15.41.34-scaled.jpg?w=1960&amp;ssl=1 1960w\" sizes=\"auto, (max-width: 324px) 100vw, 324px\" \/><\/div>\n\t\t\t\t\t<div class=\"wc-block-grid__product-title\">Cacharro Rojo Kintsugi<\/div>\n\t\t\t\t<\/a>\n\t\t\t\t<div class=\"wc-block-grid__product-price price\"><span class=\"woocommerce-Price-amount amount\">50,00&nbsp;<span class=\"woocommerce-Price-currencySymbol\">&euro;<\/span><\/span><\/div>\n\t\t\t\t\n\t\t\t\t<div class=\"wp-block-button wc-block-grid__product-add-to-cart\"><a href=\"\/tienda\/wp-json\/wp\/v2\/pages\/62?add-to-cart=54\" aria-label=\"A\u00f1adir al carrito: &ldquo;Cacharro Rojo Kintsugi&rdquo;\" data-quantity=\"1\" data-product_id=\"54\" data-product_sku=\"\" data-price=\"50\" rel=\"nofollow\" class=\"wp-block-button__link  add_to_cart_button ajax_add_to_cart\">A\u00f1adir al carrito<\/a><\/div>\n\t\t\t<\/li><li class=\"wc-block-grid__product\">\n\t\t\t\t<a href=\"https:\/\/artesaniadopasatempo.com\/tienda\/producto\/cuenco-grande-kintsugi\/\" class=\"wc-block-grid__product-link\">\n\t\t\t\t\t\n\t\t\t\t\t<div class=\"wc-block-grid__product-image\"><img loading=\"lazy\" decoding=\"async\" width=\"324\" height=\"324\" src=\"https:\/\/i0.wp.com\/artesaniadopasatempo.com\/tienda\/wp-content\/uploads\/2021\/11\/2019-01-21-15.46.03-scaled-e1636719095781.jpg?resize=324%2C324&amp;ssl=1\" class=\"attachment-woocommerce_thumbnail size-woocommerce_thumbnail\" alt=\"Cuenco Grande Kintsugi\" \/><\/div>\n\t\t\t\t\t<div class=\"wc-block-grid__product-title\">Cuenco Grande Kintsugi<\/div>\n\t\t\t\t<\/a>\n\t\t\t\t<div class=\"wc-block-grid__product-price price\"><span class=\"woocommerce-Price-amount amount\">65,00&nbsp;<span class=\"woocommerce-Price-currencySymbol\">&euro;<\/span><\/span><\/div>\n\t\t\t\t\n\t\t\t\t<div class=\"wp-block-button wc-block-grid__product-add-to-cart\"><a href=\"\/tienda\/wp-json\/wp\/v2\/pages\/62?add-to-cart=49\" aria-label=\"A\u00f1adir al carrito: &ldquo;Cuenco Grande Kintsugi&rdquo;\" data-quantity=\"1\" data-product_id=\"49\" data-product_sku=\"\" data-price=\"65\" rel=\"nofollow\" class=\"wp-block-button__link  add_to_cart_button ajax_add_to_cart\">A\u00f1adir al carrito<\/a><\/div>\n\t\t\t<\/li><\/ul><\/div>","protected":false},"excerpt":{"rendered":"<p>El proyecto Artesan\u00eda do Pasatempo, no es s\u00f3lo un proyecto de taller artesano donde todo lo que producimos es 100% manual, es un proyecto de comercializaci\u00f3n de nuestra propia producci\u00f3n pero adem\u00e1s es un espacio de venta de productos artesanos de otros talleres artesanos, amigos\/as con los que compartimos a\u00f1os de oficio, ferias, crisis e [&hellip;]<\/p>\n","protected":false},"author":1,"featured_media":0,"parent":0,"menu_order":0,"comment_status":"closed","ping_status":"closed","template":"template-fullwidth.php","meta":{"footnotes":""},"class_list":["post-62","page","type-page","status-publish","hentry"],"jetpack-related-posts":[],"jetpack_sharing_enabled":true,"_links":{"self":[{"href":"https:\/\/artesaniadopasatempo.com\/tienda\/wp-json\/wp\/v2\/pages\/62","targetHints":{"allow":["GET"]}}],"collection":[{"href":"https:\/\/artesaniadopasatempo.com\/tienda\/wp-json\/wp\/v2\/pages"}],"about":[{"href":"https:\/\/artesaniadopasatempo.com\/tienda\/wp-json\/wp\/v2\/types\/page"}],"author":[{"embeddable":true,"href":"https:\/\/artesaniadopasatempo.com\/tienda\/wp-json\/wp\/v2\/users\/1"}],"replies":[{"embeddable":true,"href":"https:\/\/artesaniadopasatempo.com\/tienda\/wp-json\/wp\/v2\/comments?post=62"}],"version-history":[{"count":3,"href":"https:\/\/artesaniadopasatempo.com\/tienda\/wp-json\/wp\/v2\/pages\/62\/revisions"}],"predecessor-version":[{"id":66,"href":"https:\/\/artesaniadopasatempo.com\/tienda\/wp-json\/wp\/v2\/pages\/62\/revisions\/66"}],"wp:attachment":[{"href":"https:\/\/artesaniadopasatempo.com\/tienda\/wp-json\/wp\/v2\/media?parent=62"}],"curies":[{"name":"wp","href":"https:\/\/api.w.org\/{rel}","templated":true}]}}