{"id":34,"date":"2021-11-04T12:42:40","date_gmt":"2021-11-04T12:42:40","guid":{"rendered":"https:\/\/artesaniadopasatempo.com\/tienda\/?page_id=34"},"modified":"2021-11-04T12:51:22","modified_gmt":"2021-11-04T12:51:22","slug":"contactar","status":"publish","type":"page","link":"https:\/\/artesaniadopasatempo.com\/tienda\/contactar\/","title":{"rendered":"Contactar"},"content":{"rendered":"\n<p>Artesan\u00edaDoPasatempo es una tienda f\u00edsica, estamos ubicados, provisionalmente en el Alfar de Mondo\u00f1edo, en el espacio de tienda, a la espera de poder habilitar la tienda que abriremos a partir de marzo de 2022 junto al puente del Pasatiempo.<\/p>\n\n\n\n<p>Puedes acercarte por el Alfar para hablar con nosotros, puedes llamarnos por tel\u00e9fono o si quieres, puedes enviarnos un mensaje a trav\u00e9s de este formulario:<\/p>\n\n\n\n\n\n<div data-map-provider=\"mapbox\" data-api-key=\"pk.eyJ1IjoiYXJ0ZXNhbmlhZG9wYXNhdGVtcG8iLCJhIjoiY2t2a3h5M2MwMGl5cDJ3a2w4ZzNua3lkeiJ9.lIXhiAzKc48xNiM0o23ttQ\" class=\"wp-block-jetpack-map\" data-map-style=\"default\" data-map-details=\"true\" data-points=\"[{&quot;placeTitle&quot;:&quot;Moi\u00f1os De Arriba&quot;,&quot;title&quot;:&quot;Moi\u00f1os De Arriba&quot;,&quot;caption&quot;:&quot;Moi\u00f1os De Arriba, 27740 Mondo\u00f1edo, Lugo, Spain&quot;,&quot;id&quot;:&quot;address.6200002602899694&quot;,&quot;coordinates&quot;:{&quot;longitude&quot;:-7.3580529158909,&quot;latitude&quot;:43.4252818217589}}]\" data-zoom=\"12\" data-map-center=\"{&quot;lng&quot;:-7.3580529158909,&quot;lat&quot;:43.4252818217589}\" data-marker-color=\"red\" data-show-fullscreen-button=\"true\"><ul><li><a href=\"https:\/\/www.google.com\/maps\/search\/?api=1&amp;query=43.4252818217589,-7.3580529158909\">Moi\u00f1os De Arriba<\/a><\/li><\/ul><\/div>\n","protected":false},"excerpt":{"rendered":"<p>Artesan\u00edaDoPasatempo es una tienda f\u00edsica, estamos ubicados, provisionalmente en el Alfar de Mondo\u00f1edo, en el espacio de tienda, a la espera de poder habilitar la tienda que abriremos a partir de marzo de 2022 junto al puente del Pasatiempo. Puedes acercarte por el Alfar para hablar con nosotros, puedes llamarnos por tel\u00e9fono o si quieres, [&hellip;]<\/p>\n","protected":false},"author":1,"featured_media":0,"parent":0,"menu_order":0,"comment_status":"closed","ping_status":"closed","template":"","meta":{"footnotes":""},"class_list":["post-34","page","type-page","status-publish","hentry"],"jetpack-related-posts":[],"jetpack_sharing_enabled":true,"_links":{"self":[{"href":"https:\/\/artesaniadopasatempo.com\/tienda\/wp-json\/wp\/v2\/pages\/34","targetHints":{"allow":["GET"]}}],"collection":[{"href":"https:\/\/artesaniadopasatempo.com\/tienda\/wp-json\/wp\/v2\/pages"}],"about":[{"href":"https:\/\/artesaniadopasatempo.com\/tienda\/wp-json\/wp\/v2\/types\/page"}],"author":[{"embeddable":true,"href":"https:\/\/artesaniadopasatempo.com\/tienda\/wp-json\/wp\/v2\/users\/1"}],"replies":[{"embeddable":true,"href":"https:\/\/artesaniadopasatempo.com\/tienda\/wp-json\/wp\/v2\/comments?post=34"}],"version-history":[{"count":3,"href":"https:\/\/artesaniadopasatempo.com\/tienda\/wp-json\/wp\/v2\/pages\/34\/revisions"}],"predecessor-version":[{"id":38,"href":"https:\/\/artesaniadopasatempo.com\/tienda\/wp-json\/wp\/v2\/pages\/34\/revisions\/38"}],"wp:attachment":[{"href":"https:\/\/artesaniadopasatempo.com\/tienda\/wp-json\/wp\/v2\/media?parent=34"}],"curies":[{"name":"wp","href":"https:\/\/api.w.org\/{rel}","templated":true}]}}