{"id":26,"date":"2021-11-04T11:38:27","date_gmt":"2021-11-04T11:38:27","guid":{"rendered":"https:\/\/artesaniadopasatempo.com\/tienda\/?page_id=26"},"modified":"2021-11-04T11:54:24","modified_gmt":"2021-11-04T11:54:24","slug":"sobre-nos","status":"publish","type":"page","link":"https:\/\/artesaniadopasatempo.com\/tienda\/sobre-nos\/","title":{"rendered":"Sobre Nos"},"content":{"rendered":"\n<p>Artesan\u00edaDoPasatempo es una tienda de artesan\u00eda original ubicada en un sitio hist\u00f3rico singular, el puente del Pasatiempo de Mondo\u00f1edo.<\/p>\n\n\n\n<p>Comercializamos productos de producci\u00f3n propia y otros, de talleres artesanos amigos, muchos de ellos usuarios de la marca Artesan\u00eda de Galicia, pero no todos, ya que muchos de nuestros amigos ejercen su oficio en comunidades aut\u00f3nomas distintas a la nuestra.<\/p>\n\n\n\n<p>Nuestros productos son de cer\u00e1mica, hecha a mano, con t\u00e9cnicas y esmaltes que hacemos espec\u00edficamente para cada pieza. Utilizamos t\u00e9cnicas de decoraci\u00f3n diversas para conseguir objetos irrepetibles.<\/p>\n\n\n\n<p>Por otro lado, completamos nuestra oferta con objetos hechos en otros oficios: grabado, fotograf\u00eda, joyer\u00eda, oficios de los que tenemos conocimientos avanzados pero no son los oficios que desarrollamos de forma continuada.<\/p>\n\n\n\n<div class=\"wp-block-columns is-layout-flex wp-container-core-columns-is-layout-1 wp-block-columns-is-layout-flex\">\n<div class=\"wp-block-column is-layout-flow wp-block-column-is-layout-flow\">\n<figure class=\"wp-block-image size-large\"><img data-recalc-dims=\"1\" loading=\"lazy\" decoding=\"async\" width=\"710\" height=\"1024\" src=\"https:\/\/i0.wp.com\/artesaniadopasatempo.com\/tienda\/wp-content\/uploads\/2021\/11\/Lona_maica.jpg?resize=710%2C1024&#038;ssl=1\" alt=\"\" class=\"wp-image-29\" srcset=\"https:\/\/i0.wp.com\/artesaniadopasatempo.com\/tienda\/wp-content\/uploads\/2021\/11\/Lona_maica.jpg?resize=710%2C1024&amp;ssl=1 710w, https:\/\/i0.wp.com\/artesaniadopasatempo.com\/tienda\/wp-content\/uploads\/2021\/11\/Lona_maica.jpg?resize=208%2C300&amp;ssl=1 208w, https:\/\/i0.wp.com\/artesaniadopasatempo.com\/tienda\/wp-content\/uploads\/2021\/11\/Lona_maica.jpg?resize=768%2C1108&amp;ssl=1 768w, https:\/\/i0.wp.com\/artesaniadopasatempo.com\/tienda\/wp-content\/uploads\/2021\/11\/Lona_maica.jpg?resize=416%2C600&amp;ssl=1 416w, https:\/\/i0.wp.com\/artesaniadopasatempo.com\/tienda\/wp-content\/uploads\/2021\/11\/Lona_maica.jpg?w=900&amp;ssl=1 900w\" sizes=\"auto, (max-width: 710px) 100vw, 710px\" \/><\/figure>\n<\/div>\n\n\n\n<div class=\"wp-block-column is-layout-flow wp-block-column-is-layout-flow\">\n<p><br>Me llamo Mar\u00eda del Carmen Juncal, soy ceramista, estoy dentro de un proyecto m\u00e1s amplio que mi propio taller, la Ruta de Artesan\u00eda del Barrio dos Mui\u00f1os de Mondo\u00f1edo.<\/p>\n\n\n\n<p>Tengo producci\u00f3n propia, enfocada la t\u00e9cnica del Kintsugi de las que os ir\u00e9 contando en el espacio de blog de esta web.<\/p>\n\n\n\n<p>Comparto espacio de trabajo con otros dos talleres de cer\u00e1mica en el Alfar de Mondo\u00f1edo: As Formas da terra y Esquina Atl\u00e1ntica, de ambos talleres podr\u00e9is comprar productos a trav\u00e9s de esta web.<\/p>\n\n\n\n<p>Con Esquina Atl\u00e1ntica comparto m\u00e1s que espacio, soy la que le pone el color a las piezas que crea, dise\u00f1a y produce Marcelo.<\/p>\n\n\n\n<p><\/p>\n<\/div>\n<\/div>\n\n\n\n<p><\/p>\n","protected":false},"excerpt":{"rendered":"<p>Artesan\u00edaDoPasatempo es una tienda de artesan\u00eda original ubicada en un sitio hist\u00f3rico singular, el puente del Pasatiempo de Mondo\u00f1edo. Comercializamos productos de producci\u00f3n propia y otros, de talleres artesanos amigos, muchos de ellos usuarios de la marca Artesan\u00eda de Galicia, pero no todos, ya que muchos de nuestros amigos ejercen su oficio en comunidades aut\u00f3nomas [&hellip;]<\/p>\n","protected":false},"author":1,"featured_media":0,"parent":0,"menu_order":0,"comment_status":"closed","ping_status":"closed","template":"","meta":{"footnotes":""},"class_list":["post-26","page","type-page","status-publish","hentry"],"jetpack-related-posts":[],"jetpack_sharing_enabled":true,"_links":{"self":[{"href":"https:\/\/artesaniadopasatempo.com\/tienda\/wp-json\/wp\/v2\/pages\/26","targetHints":{"allow":["GET"]}}],"collection":[{"href":"https:\/\/artesaniadopasatempo.com\/tienda\/wp-json\/wp\/v2\/pages"}],"about":[{"href":"https:\/\/artesaniadopasatempo.com\/tienda\/wp-json\/wp\/v2\/types\/page"}],"author":[{"embeddable":true,"href":"https:\/\/artesaniadopasatempo.com\/tienda\/wp-json\/wp\/v2\/users\/1"}],"replies":[{"embeddable":true,"href":"https:\/\/artesaniadopasatempo.com\/tienda\/wp-json\/wp\/v2\/comments?post=26"}],"version-history":[{"count":2,"href":"https:\/\/artesaniadopasatempo.com\/tienda\/wp-json\/wp\/v2\/pages\/26\/revisions"}],"predecessor-version":[{"id":30,"href":"https:\/\/artesaniadopasatempo.com\/tienda\/wp-json\/wp\/v2\/pages\/26\/revisions\/30"}],"wp:attachment":[{"href":"https:\/\/artesaniadopasatempo.com\/tienda\/wp-json\/wp\/v2\/media?parent=26"}],"curies":[{"name":"wp","href":"https:\/\/api.w.org\/{rel}","templated":true}]}}